{"id":3299,"date":"2026-01-23T16:13:28","date_gmt":"2026-01-23T16:13:28","guid":{"rendered":"https:\/\/whatsrunning.hu\/?page_id=3299"},"modified":"2026-01-23T16:15:04","modified_gmt":"2026-01-23T16:15:04","slug":"%e3%82%a2%e3%82%b8%e3%83%a3%e3%83%b3%e3%83%87%e3%82%af%e3%82%ab%e3%83%ab%e3%83%86%e3%82%a3%e3%83%a4","status":"publish","type":"page","link":"https:\/\/whatsrunning.hu\/ja\/%e3%82%a2%e3%82%b8%e3%83%a3%e3%83%b3%e3%83%87%e3%82%af%e3%82%ab%e3%83%ab%e3%83%86%e3%82%a3%e3%83%a4\/","title":{"rendered":"\u30ae\u30d5\u30c8\u30ab\u30fc\u30c9"},"content":{"rendered":"\t\t<div data-elementor-type=\"wp-page\" data-elementor-id=\"3299\" class=\"elementor elementor-3299\" data-elementor-post-type=\"page\">\n\t\t\t\t<div class=\"elementor-element elementor-element-d459661 e-flex e-con-boxed wcf-starter-animations-none e-con e-parent\" data-id=\"d459661\" data-element_type=\"container\" data-e-type=\"container\" data-settings=\"{&quot;background_background&quot;:&quot;classic&quot;,&quot;background_motion_fx_motion_fx_scrolling&quot;:&quot;yes&quot;,&quot;background_motion_fx_translateY_effect&quot;:&quot;yes&quot;,&quot;wcf_enable_cursor_hover_effect_text&quot;:&quot;View&quot;,&quot;background_motion_fx_translateY_speed&quot;:{&quot;unit&quot;:&quot;px&quot;,&quot;size&quot;:4,&quot;sizes&quot;:[]},&quot;background_motion_fx_translateY_affectedRange&quot;:{&quot;unit&quot;:&quot;%&quot;,&quot;size&quot;:&quot;&quot;,&quot;sizes&quot;:{&quot;start&quot;:0,&quot;end&quot;:100}},&quot;background_motion_fx_devices&quot;:[&quot;desktop&quot;,&quot;tablet&quot;,&quot;mobile&quot;],&quot;wcf-animation&quot;:&quot;none&quot;,&quot;wcf_enable_pin_area&quot;:&quot;no&quot;,&quot;aae_enable_header_sticky_area&quot;:&quot;no&quot;,&quot;wcf_enable_horizontal_scroll&quot;:&quot;no&quot;}\">\n\t\t\t\t\t<div class=\"e-con-inner\">\n\t\t<div class=\"elementor-element elementor-element-bc832f1 e-con-full e-flex wcf-starter-animations-none e-con e-child\" data-id=\"bc832f1\" data-element_type=\"container\" data-e-type=\"container\" data-settings=\"{&quot;wcf_enable_cursor_hover_effect_text&quot;:&quot;View&quot;,&quot;wcf-animation&quot;:&quot;none&quot;,&quot;wcf_enable_pin_area&quot;:&quot;no&quot;,&quot;aae_enable_header_sticky_area&quot;:&quot;no&quot;,&quot;wcf_enable_horizontal_scroll&quot;:&quot;no&quot;}\">\n\t\t\t\t<div class=\"elementor-element elementor-element-37df1ab wcf-starter-animations-none wcf-t-animation-none elementor-widget elementor-widget-heading\" data-id=\"37df1ab\" data-element_type=\"widget\" data-e-type=\"widget\" data-settings=\"{&quot;motion_fx_motion_fx_scrolling&quot;:&quot;yes&quot;,&quot;motion_fx_translateY_effect&quot;:&quot;yes&quot;,&quot;motion_fx_translateY_speed&quot;:{&quot;unit&quot;:&quot;px&quot;,&quot;size&quot;:1,&quot;sizes&quot;:[]},&quot;motion_fx_opacity_effect&quot;:&quot;yes&quot;,&quot;motion_fx_opacity_direction&quot;:&quot;in-out&quot;,&quot;motion_fx_opacity_level&quot;:{&quot;unit&quot;:&quot;px&quot;,&quot;size&quot;:6.70000000000000017763568394002504646778106689453125,&quot;sizes&quot;:[]},&quot;motion_fx_opacity_range&quot;:{&quot;unit&quot;:&quot;%&quot;,&quot;size&quot;:&quot;&quot;,&quot;sizes&quot;:{&quot;start&quot;:71,&quot;end&quot;:100}},&quot;wcf_starter_animations&quot;:&quot;none&quot;,&quot;wcf_anim_duration&quot;:1000,&quot;wcf_anim_delay&quot;:0,&quot;wcf_anim_ease&quot;:&quot;ease&quot;,&quot;wcf_text_animation&quot;:&quot;none&quot;,&quot;wcf-animation&quot;:&quot;none&quot;,&quot;motion_fx_translateY_affectedRange&quot;:{&quot;unit&quot;:&quot;%&quot;,&quot;size&quot;:&quot;&quot;,&quot;sizes&quot;:{&quot;start&quot;:0,&quot;end&quot;:100}},&quot;motion_fx_devices&quot;:[&quot;desktop&quot;,&quot;tablet&quot;,&quot;mobile&quot;]}\" data-widget_type=\"heading.default\">\n\t\t\t\t\t<h1 class=\"elementor-heading-title elementor-size-default\">aj\u00e1nd\u00e9kk\u00e1rtya\n<\/h1>\t\t\t\t<\/div>\n\t\t\t\t<div class=\"elementor-element elementor-element-0647931 wcf-starter-animations-none wcf-t-animation-none elementor-widget elementor-widget-heading\" data-id=\"0647931\" data-element_type=\"widget\" data-e-type=\"widget\" data-settings=\"{&quot;wcf_starter_animations&quot;:&quot;none&quot;,&quot;wcf_anim_duration&quot;:1000,&quot;wcf_anim_delay&quot;:0,&quot;wcf_anim_ease&quot;:&quot;ease&quot;,&quot;wcf_text_animation&quot;:&quot;none&quot;,&quot;wcf-animation&quot;:&quot;none&quot;}\" data-widget_type=\"heading.default\">\n\t\t\t\t\t<h1 class=\"elementor-heading-title elementor-size-default\">\u30db\u30c3\u30c8\u30dd\u30c3\u30c8 \u3068\u30e9\u30f3\u30cb\u30f3\u30b0\u2028\u5bff\u53f8\u30d5\u30e5\u30fc\u30b8\u30e7\u30f3<\/h1>\t\t\t\t<\/div>\n\t\t\t\t<\/div>\n\t\t\t\t\t<\/div>\n\t\t\t\t<\/div>\n\t\t\t\t<div class=\"unlimited-elements-background-overlay\" data-forid=\"d459661\" data-location=\"back\" style=\"display:none\">\n\t\t\t<template>\n\t\t\t\n<!-- start Animated Mesh Gradient Background -->\n<style>\/* widget: Animated Mesh Gradient Background *\/\n\n#uc_stripe_gradient_background_bg_addon18892.ue-advanced-gradient-background{\n  height:100%;\n}\n#uc_stripe_gradient_background_bg_addon18892 .ue-advanced-gradient-canvas{\n  width:100%;\n  height:100%;\n  min-width:100%;\n  min-height:100%;\n}\n\n<\/style>\n\n<div id=\"uc_stripe_gradient_background_bg_addon18892\" class=\"ue-advanced-gradient-background\">\n  <canvas class=\"ue-advanced-gradient-canvas\"><\/canvas>\n<\/div>\n<script type=\"text\/javascript\"  id=\"ue_script_stripe_gradient_background\">\n\n\/* Animated Mesh Gradient Background scripts: *\/ \n\njQuery(document).ready(function(){\nfunction uc_stripe_gradient_background_bg_addon18892_start(){\n\t\t\t\n\n  var objWidget =  jQuery('#uc_stripe_gradient_background_bg_addon18892');\n  var ueBGCanvas = objWidget.find(\".ue-advanced-gradient-canvas\");\n    \n  ueBGCanvas.gradient({\n    colors: ['#030303', '#F53030', '#C40026ED', '#000000',],\n    wireframe: false,\n    amplitude: 300,\n    loadedClass: 'ue-gradient-loaded',\n    speed: 100,\n    randomSeed: true,\n        hoverPlay: false,\n    static: false,  });\n\n      objWidget.closest(\".unlimited-elements-background-overlay\").parent().css(\"overflow\", \"hidden\");\n  \n}if(jQuery(\"#uc_stripe_gradient_background_bg_addon18892\").length && !jQuery(\"#uc_stripe_gradient_background_bg_addon18892\").parents('[data-elementor-type=\"popup\"]').length) uc_stripe_gradient_background_bg_addon18892_start();\n\tjQuery( document ).on( 'elementor\/popup\/show', (event, id, objPopup) => {\n\tif(objPopup.$element.has(jQuery(\"#uc_stripe_gradient_background_bg_addon18892\")).length) uc_stripe_gradient_background_bg_addon18892_start()});\n});\n\t\t\t\n<\/script>\n<!-- end Animated Mesh Gradient Background -->\t\t\t<\/template>\n\t\t<\/div>\n\t\t\n\t\t<div class=\"elementor-element elementor-element-87e368f e-flex e-con-boxed wcf-starter-animations-none e-con e-parent\" data-id=\"87e368f\" data-element_type=\"container\" data-e-type=\"container\" data-settings=\"{&quot;wcf_enable_cursor_hover_effect_text&quot;:&quot;View&quot;,&quot;wcf-animation&quot;:&quot;none&quot;,&quot;wcf_enable_pin_area&quot;:&quot;no&quot;,&quot;aae_enable_header_sticky_area&quot;:&quot;no&quot;,&quot;wcf_enable_horizontal_scroll&quot;:&quot;no&quot;}\">\n\t\t\t\t\t<div class=\"e-con-inner\">\n\t\t\t\t<div class=\"elementor-element elementor-element-37c2a56 wcf-starter-animations-none wcf-t-animation-none elementor-widget elementor-widget-text-editor\" data-id=\"37c2a56\" data-element_type=\"widget\" data-e-type=\"widget\" data-settings=\"{&quot;wcf_starter_animations&quot;:&quot;none&quot;,&quot;wcf_anim_duration&quot;:1000,&quot;wcf_anim_delay&quot;:0,&quot;wcf_anim_ease&quot;:&quot;ease&quot;,&quot;wcf_text_animation&quot;:&quot;none&quot;,&quot;wcf-animation&quot;:&quot;none&quot;}\" data-widget_type=\"text-editor.default\">\n\t\t\t\t\t\t\t\t\t<p><strong>Aj\u00e1nd\u00e9k, ami mindig telital\u00e1lat!<\/strong><\/p><p><b><br \/><\/b>Lepd meg azt, aki fontos neked \u2013 \u00e9lm\u00e9nnyel, amit garant\u00e1ltan szeretni fog!<\/p><p>Aj\u00e1nd\u00e9kk\u00e1rty\u00e1nk t\u00f6bbf\u00e9le \u00f6sszegben el\u00e9rhet\u0151, p\u00e9ld\u00e1ul:<\/p><p>\u00a0<\/p><ul><li><p>10.000 Ft<\/p><\/li><li><p>15.000 Ft<\/p><\/li><li><p>20.000 Ft<\/p><\/li><\/ul><div>\u00a0<\/div><p>&#8211; A rajta l\u00e9v\u0151 \u00f6sszeg a lej\u00e1rati id\u0151n bel\u00fcl szabadon felhaszn\u00e1lhat\u00f3.<br \/>&#8211; Az aj\u00e1nd\u00e9kk\u00e1rty\u00e1n l\u00e9v\u0151 \u00f6sszeg az aj\u00e1nd\u00e9kutalv\u00e1ny bor\u00edt\u00f3j\u00e1n van felt\u00fcntetve, a lej\u00e1rati id\u0151vel egy\u00fctt.\u00a0<br \/>&#8211; Aj\u00e1nd\u00e9kk\u00e1rtya felhaszn\u00e1l\u00e1s\u00e1hoz nem sz\u00fcks\u00e9ges klubk\u00e1rtya regisztr\u00e1ci\u00f3.<\/p>\t\t\t\t\t\t\t\t<\/div>\n\t\t\t\t\t<\/div>\n\t\t\t\t<\/div>\n\t\t<div class=\"elementor-element elementor-element-20a1959 e-flex e-con-boxed wcf-starter-animations-none e-con e-parent\" data-id=\"20a1959\" data-element_type=\"container\" data-e-type=\"container\" data-settings=\"{&quot;background_background&quot;:&quot;classic&quot;,&quot;background_motion_fx_motion_fx_scrolling&quot;:&quot;yes&quot;,&quot;background_motion_fx_translateY_effect&quot;:&quot;yes&quot;,&quot;background_motion_fx_translateY_direction&quot;:&quot;negative&quot;,&quot;background_motion_fx_translateY_speed&quot;:{&quot;unit&quot;:&quot;px&quot;,&quot;size&quot;:10,&quot;sizes&quot;:[]},&quot;wcf_enable_cursor_hover_effect_text&quot;:&quot;View&quot;,&quot;background_motion_fx_translateY_affectedRange&quot;:{&quot;unit&quot;:&quot;%&quot;,&quot;size&quot;:&quot;&quot;,&quot;sizes&quot;:{&quot;start&quot;:13,&quot;end&quot;:93}},&quot;background_motion_fx_scale_effect&quot;:&quot;yes&quot;,&quot;background_motion_fx_scale_speed&quot;:{&quot;unit&quot;:&quot;px&quot;,&quot;size&quot;:1,&quot;sizes&quot;:[]},&quot;background_motion_fx_scale_direction&quot;:&quot;out-in&quot;,&quot;background_motion_fx_scale_range&quot;:{&quot;unit&quot;:&quot;%&quot;,&quot;size&quot;:&quot;&quot;,&quot;sizes&quot;:{&quot;start&quot;:20,&quot;end&quot;:80}},&quot;background_motion_fx_devices&quot;:[&quot;desktop&quot;,&quot;tablet&quot;,&quot;mobile&quot;],&quot;wcf-animation&quot;:&quot;none&quot;,&quot;wcf_enable_pin_area&quot;:&quot;no&quot;,&quot;aae_enable_header_sticky_area&quot;:&quot;no&quot;,&quot;wcf_enable_horizontal_scroll&quot;:&quot;no&quot;}\">\n\t\t\t\t\t<div class=\"e-con-inner\">\n\t\t\t\t\t<\/div>\n\t\t\t\t<\/div>\n\t\t<div class=\"elementor-element elementor-element-482ed26 e-flex e-con-boxed wcf-starter-animations-none e-con e-parent\" data-id=\"482ed26\" data-element_type=\"container\" data-e-type=\"container\" data-settings=\"{&quot;background_background&quot;:&quot;classic&quot;,&quot;wcf_enable_cursor_hover_effect_text&quot;:&quot;View&quot;,&quot;wcf-animation&quot;:&quot;none&quot;,&quot;wcf_enable_pin_area&quot;:&quot;no&quot;,&quot;aae_enable_header_sticky_area&quot;:&quot;no&quot;,&quot;wcf_enable_horizontal_scroll&quot;:&quot;no&quot;}\">\n\t\t\t\t\t<div class=\"e-con-inner\">\n\t\t<div class=\"elementor-element elementor-element-2eb4307 e-con-full e-flex wcf-starter-animations-none e-con e-child\" data-id=\"2eb4307\" data-element_type=\"container\" data-e-type=\"container\" data-settings=\"{&quot;wcf_enable_cursor_hover_effect_text&quot;:&quot;View&quot;,&quot;wcf-animation&quot;:&quot;none&quot;,&quot;wcf_enable_pin_area&quot;:&quot;no&quot;,&quot;aae_enable_header_sticky_area&quot;:&quot;no&quot;,&quot;wcf_enable_horizontal_scroll&quot;:&quot;no&quot;}\">\n\t\t<div class=\"elementor-element elementor-element-27909d9 e-con-full e-flex wcf-starter-animations-none e-con e-child\" data-id=\"27909d9\" data-element_type=\"container\" data-e-type=\"container\" data-settings=\"{&quot;wcf_enable_cursor_hover_effect_text&quot;:&quot;View&quot;,&quot;wcf-animation&quot;:&quot;none&quot;,&quot;wcf_enable_pin_area&quot;:&quot;no&quot;,&quot;aae_enable_header_sticky_area&quot;:&quot;no&quot;,&quot;wcf_enable_horizontal_scroll&quot;:&quot;no&quot;}\">\n\t\t\t\t<div class=\"elementor-element elementor-element-65b16a0 wcf-t-animation-char animated-text wcf-starter-animations-none elementor-widget elementor-widget-heading\" data-id=\"65b16a0\" data-element_type=\"widget\" data-e-type=\"widget\" data-settings=\"{&quot;wcf_text_animation&quot;:&quot;char&quot;,&quot;aae_text_trigger&quot;:&quot;play_with_scroll&quot;,&quot;text_translate_x&quot;:0,&quot;text_translate_y&quot;:20,&quot;wcf_text_animation_editor&quot;:&quot;yes&quot;,&quot;wcf_starter_animations&quot;:&quot;none&quot;,&quot;wcf_anim_duration&quot;:1000,&quot;wcf_anim_delay&quot;:0,&quot;wcf_anim_ease&quot;:&quot;ease&quot;,&quot;text_delay&quot;:0.1499999999999999944488848768742172978818416595458984375,&quot;text_duration&quot;:1,&quot;text_stagger&quot;:0.0200000000000000004163336342344337026588618755340576171875,&quot;wcf-animation&quot;:&quot;none&quot;}\" data-widget_type=\"heading.default\">\n\t\t\t\t\t<h2 class=\"elementor-heading-title elementor-size-default\">Foglal\u00e1s<br><\/h2>\t\t\t\t<\/div>\n\t\t\t\t<div class=\"elementor-element elementor-element-6a29825 wcf-starter-animations-none wcf-t-animation-none elementor-widget elementor-widget-heading\" data-id=\"6a29825\" data-element_type=\"widget\" data-e-type=\"widget\" data-settings=\"{&quot;wcf_starter_animations&quot;:&quot;none&quot;,&quot;wcf_anim_duration&quot;:1000,&quot;wcf_anim_delay&quot;:0,&quot;wcf_anim_ease&quot;:&quot;ease&quot;,&quot;wcf_text_animation&quot;:&quot;none&quot;,&quot;wcf-animation&quot;:&quot;none&quot;}\" data-widget_type=\"heading.default\">\n\t\t\t\t\t<h1 class=\"elementor-heading-title elementor-size-default\">\u30c6\u30fc\u30d6\u30eb\u4e88\u7d04<\/h1>\t\t\t\t<\/div>\n\t\t\t\t<div class=\"elementor-element elementor-element-14e8ce3 wcf-starter-animations-none wcf-t-animation-none elementor-widget elementor-widget-text-editor\" data-id=\"14e8ce3\" data-element_type=\"widget\" data-e-type=\"widget\" data-settings=\"{&quot;wcf_starter_animations&quot;:&quot;none&quot;,&quot;wcf_anim_duration&quot;:1000,&quot;wcf_anim_delay&quot;:0,&quot;wcf_anim_ease&quot;:&quot;ease&quot;,&quot;wcf_text_animation&quot;:&quot;none&quot;,&quot;wcf-animation&quot;:&quot;none&quot;}\" data-widget_type=\"text-editor.default\">\n\t\t\t\t\t\t\t\t\t<p>El\u00e9g, ha a szalagjaink futnak &#8211; <br \/>Neked nem kell! Ehhez viszont er\u0151sen aj\u00e1nlott az el\u0151zetes foglal\u00e1s!<\/p>\t\t\t\t\t\t\t\t<\/div>\n\t\t\t\t<div class=\"elementor-element elementor-element-cca2df6 elementor-widget elementor-widget-ucaddon_neon_glowing_button_effect\" data-id=\"cca2df6\" data-element_type=\"widget\" data-e-type=\"widget\" data-settings=\"{&quot;wcf-animation&quot;:&quot;none&quot;}\" data-widget_type=\"ucaddon_neon_glowing_button_effect.default\">\n\t\t\t\t<div class=\"elementor-widget-container\">\n\t\t\t\t\t\n<!-- start Neon Glowing Button Effect -->\n\t\t<link id='font-awesome-css' href='https:\/\/whatsrunning.hu\/wp-content\/plugins\/unlimited-elements-for-elementor-premium\/assets_libraries\/font-awesome6\/fontawesome-all.min.css' type='text\/css' rel='stylesheet' >\n\t\t<link id='font-awesome-4-shim-css' href='https:\/\/whatsrunning.hu\/wp-content\/plugins\/unlimited-elements-for-elementor-premium\/assets_libraries\/font-awesome6\/fontawesome-v4-shims.min.css' type='text\/css' rel='stylesheet' >\n\n<style>\/* widget: Neon Glowing Button Effect *\/\n\n#uc_neon_glowing_button_effect_elementor_cca2df6{\n  position: relative;\n  z-index:1;\n}\n#uc_neon_glowing_button_effect_elementor_cca2df6 *{\n    margin: 0;\n}\n#uc_neon_glowing_button_effect_elementor_cca2df6.ue_neon_btn_wrapper{\n  display: flex;\n  justify-content: center;\n  align-items: center;\n  gap:50px;\n}\n#uc_neon_glowing_button_effect_elementor_cca2df6 .ue_neon_btn {\n  display: flex;\n  flex-direction:row;\n  justify-content: center;\n  align-items: center;\n  position: relative;\n  border-radius: 0px;\n  overflow:visible;\n  transition: 0.5s;\n}\n\n#uc_neon_glowing_button_effect_elementor_cca2df6 .ue_neon_btn:after {\n  content: '';\n  position: absolute;\n  box-sizing:content-box;\n  border-radius: calc(0px + 3px);\n  width: 100%;\n  height: 100%;\n  translate: -50% -50%;\n  left: 50%;\n  top: 50%;\n  z-index: -1;\n  animation: rotateuc_neon_glowing_button_effect_elementor_cca2df6 2000ms linear infinite;\n  padding: 3px;\n  --angle: 0deg;\n  filter: ;\n  background: conic-gradient(from var(--angle) ,\n          #ff003700 50deg,\n      #CB3023 360deg\n          );\n  transition: all 0.5s;\n}\n\n#uc_neon_glowing_button_effect_elementor_cca2df6 .ue_neon_btn:before {\n  content: '';\n  position: absolute;\n  box-sizing:content-box;\n  border-radius: 0px;\n  width: 100%;\n  height: 100%;\n  translate: -50% -50%;\n  left: 50%;\n  top: 50%;\n  z-index: -2;\n  transition: all 0.5s;\n  animation: rotateuc_neon_glowing_button_effect_elementor_cca2df6 2000ms linear infinite;\n  filter: blur(20px) brightness(1)  ;\n    -webkit-backface-visibility: hidden;\n-moz-backface-visibility: hidden;\n  -webkit-transform: translate3d(0, 0, 0);\n-moz-transform: translate3d(0, 0, 0);\n  background: conic-gradient(from var(--angle),\n          #ff003700 50deg,\n      #CB3023 360deg\n          );\n}\n\n\n@property --angle {\n  syntax: '<angle>';\n  initial-value: 0deg;\n  inherits: false;\n}\n@property --hueuc_neon_glowing_button_effect_elementor_cca2df6 {\n  syntax: '<angle>';\n  initial-value: 0deg;\n  inherits: false;\n}\n@keyframes rotateuc_neon_glowing_button_effect_elementor_cca2df6 {\n  0% {\n    --angle: 0deg;\n       }\n  50% { \n      }\n  100% { \n    --angle: 360deg;\n      }\n}\n\n\/* hover *\/\n#uc_neon_glowing_button_effect_elementor_cca2df6 .ue_neon_btn:hover:before,\n#uc_neon_glowing_button_effect_elementor_cca2df6 .ue_neon_btn:hover:after{\n  transition: all 0.5s;\n  animation-play-state: paused;\n  background: conic-gradient(from var(--angle),\n          #CB3023 0deg,\n      #CB3023 360deg\n          );\n}\n\n#uc_neon_glowing_button_effect_elementor_cca2df6 .ue-btn svg\n{\n  height:1em;\n  width:1em;\n}\n\n<\/style>\n\n<div id=\"uc_neon_glowing_button_effect_elementor_cca2df6\" class=\"ue_neon_btn_wrapper elementor-animation-grow\">\n  <a href=\"https:\/\/whatsrunning.hu\/foglalas\/\"  class=\"ue_neon_btn\">\n        FOGLAL\u00c1S\n      <\/a>\n<\/div>\n<!-- end Neon Glowing Button Effect -->\t\t\t\t<\/div>\n\t\t\t\t<\/div>\n\t\t\t\t<\/div>\n\t\t<div class=\"elementor-element elementor-element-e6283a7 e-con-full e-flex wcf-starter-animations-none e-con e-child\" data-id=\"e6283a7\" data-element_type=\"container\" data-e-type=\"container\" data-settings=\"{&quot;wcf_enable_cursor_hover_effect_text&quot;:&quot;View&quot;,&quot;wcf-animation&quot;:&quot;none&quot;,&quot;wcf_enable_pin_area&quot;:&quot;no&quot;,&quot;aae_enable_header_sticky_area&quot;:&quot;no&quot;,&quot;wcf_enable_horizontal_scroll&quot;:&quot;no&quot;}\">\n\t\t\t\t<div class=\"elementor-element elementor-element-8ea3c54 elementor-align-center elementor-widget elementor-widget-lottie\" data-id=\"8ea3c54\" data-element_type=\"widget\" data-e-type=\"widget\" data-settings=\"{&quot;source_json&quot;:{&quot;url&quot;:&quot;https:\\\/\\\/whatsrunning.hu\\\/wp-content\\\/uploads\\\/2025\\\/12\\\/FOGLALAS.json&quot;,&quot;id&quot;:1382,&quot;size&quot;:&quot;&quot;,&quot;alt&quot;:&quot;&quot;,&quot;source&quot;:&quot;library&quot;},&quot;source&quot;:&quot;media_file&quot;,&quot;caption_source&quot;:&quot;none&quot;,&quot;link_to&quot;:&quot;none&quot;,&quot;trigger&quot;:&quot;arriving_to_viewport&quot;,&quot;viewport&quot;:{&quot;unit&quot;:&quot;%&quot;,&quot;size&quot;:&quot;&quot;,&quot;sizes&quot;:{&quot;start&quot;:0,&quot;end&quot;:100}},&quot;play_speed&quot;:{&quot;unit&quot;:&quot;px&quot;,&quot;size&quot;:1,&quot;sizes&quot;:[]},&quot;start_point&quot;:{&quot;unit&quot;:&quot;%&quot;,&quot;size&quot;:0,&quot;sizes&quot;:[]},&quot;end_point&quot;:{&quot;unit&quot;:&quot;%&quot;,&quot;size&quot;:100,&quot;sizes&quot;:[]},&quot;renderer&quot;:&quot;svg&quot;,&quot;wcf-animation&quot;:&quot;none&quot;}\" data-widget_type=\"lottie.default\">\n\t\t\t\t\t<div class=\"e-lottie__container\"><div class=\"e-lottie__animation\"><\/div><\/div>\t\t\t\t<\/div>\n\t\t\t\t<\/div>\n\t\t\t\t<\/div>\n\t\t\t\t\t<\/div>\n\t\t\t\t<\/div>\n\t\t\t\t<\/div>\n\t\t","protected":false},"excerpt":{"rendered":"<p>aj\u00e1nd\u00e9kk\u00e1rtya \u30db\u30c3\u30c8\u30dd\u30c3\u30c8 \u3068\u30e9\u30f3\u30cb\u30f3\u30b0\u2028\u5bff\u53f8\u30d5\u30e5\u30fc\u30b8\u30e7\u30f3 Aj\u00e1nd\u00e9k, ami mindig telital\u00e1lat! Lepd meg azt, aki fontos neked \u2013 \u00e9lm\u00e9nnyel, amit garant\u00e1ltan szeretni fog! Aj\u00e1nd\u00e9kk\u00e1rty\u00e1nk t\u00f6bbf\u00e9le \u00f6sszegben el\u00e9rhet\u0151, p\u00e9ld\u00e1ul: \u00a0 10.000 Ft 15.000 Ft 20.000 Ft \u00a0 &#8211; A rajta l\u00e9v\u0151 \u00f6sszeg a lej\u00e1rati id\u0151n bel\u00fcl szabadon felhaszn\u00e1lhat\u00f3.&#8211; Az aj\u00e1nd\u00e9kk\u00e1rty\u00e1n l\u00e9v\u0151 \u00f6sszeg az aj\u00e1nd\u00e9kutalv\u00e1ny bor\u00edt\u00f3j\u00e1n van felt\u00fcntetve, a lej\u00e1rati id\u0151vel egy\u00fctt.\u00a0&#8211; Aj\u00e1nd\u00e9kk\u00e1rtya felhaszn\u00e1l\u00e1s\u00e1hoz nem sz\u00fcks\u00e9ges klubk\u00e1rtya regisztr\u00e1ci\u00f3. Foglal\u00e1s \u30c6\u30fc\u30d6\u30eb\u4e88\u7d04 El\u00e9g, ha a szalagjaink futnak &#8211; Neked nem kell! Ehhez viszont er\u0151sen aj\u00e1nlott az el\u0151zetes foglal\u00e1s! FOGLAL\u00c1S<\/p>","protected":false},"author":1,"featured_media":0,"parent":0,"menu_order":0,"comment_status":"closed","ping_status":"closed","template":"","meta":{"_acf_changed":false,"footnotes":""},"class_list":["post-3299","page","type-page","status-publish","hentry"],"acf":[],"_links":{"self":[{"href":"https:\/\/whatsrunning.hu\/ja\/wp-json\/wp\/v2\/pages\/3299","targetHints":{"allow":["GET"]}}],"collection":[{"href":"https:\/\/whatsrunning.hu\/ja\/wp-json\/wp\/v2\/pages"}],"about":[{"href":"https:\/\/whatsrunning.hu\/ja\/wp-json\/wp\/v2\/types\/page"}],"author":[{"embeddable":true,"href":"https:\/\/whatsrunning.hu\/ja\/wp-json\/wp\/v2\/users\/1"}],"replies":[{"embeddable":true,"href":"https:\/\/whatsrunning.hu\/ja\/wp-json\/wp\/v2\/comments?post=3299"}],"version-history":[{"count":3,"href":"https:\/\/whatsrunning.hu\/ja\/wp-json\/wp\/v2\/pages\/3299\/revisions"}],"predecessor-version":[{"id":3302,"href":"https:\/\/whatsrunning.hu\/ja\/wp-json\/wp\/v2\/pages\/3299\/revisions\/3302"}],"wp:attachment":[{"href":"https:\/\/whatsrunning.hu\/ja\/wp-json\/wp\/v2\/media?parent=3299"}],"curies":[{"name":"wp","href":"https:\/\/api.w.org\/{rel}","templated":true}]}}