{"id":2813,"date":"2025-12-08T08:29:00","date_gmt":"2025-12-08T08:29:00","guid":{"rendered":"https:\/\/whatsrunning.hu\/?page_id=2813"},"modified":"2025-12-08T08:33:29","modified_gmt":"2025-12-08T08:33:29","slug":"imprint","status":"publish","type":"page","link":"https:\/\/whatsrunning.hu\/en\/imprint\/","title":{"rendered":"IMPRINT"},"content":{"rendered":"<div data-elementor-type=\"wp-page\" data-elementor-id=\"2813\" class=\"elementor elementor-2813\" data-elementor-post-type=\"page\">\n\t\t\t\t<div class=\"elementor-element elementor-element-1f894034 e-flex e-con-boxed wcf-starter-animations-none e-con e-parent\" data-id=\"1f894034\" data-element_type=\"container\" data-e-type=\"container\" data-settings=\"{&quot;wcf_enable_cursor_hover_effect_text&quot;:&quot;View&quot;,&quot;wcf-animation&quot;:&quot;none&quot;,&quot;wcf_enable_pin_area&quot;:&quot;no&quot;,&quot;aae_enable_header_sticky_area&quot;:&quot;no&quot;,&quot;wcf_enable_horizontal_scroll&quot;:&quot;no&quot;}\">\n\t\t\t\t\t<div class=\"e-con-inner\">\n\t\t\t\t<div class=\"elementor-element elementor-element-2194e787 wcf-starter-animations-none wcf-t-animation-none elementor-widget elementor-widget-text-editor\" data-id=\"2194e787\" data-element_type=\"widget\" data-e-type=\"widget\" data-settings=\"{&quot;wcf_starter_animations&quot;:&quot;none&quot;,&quot;wcf_anim_duration&quot;:1000,&quot;wcf_anim_delay&quot;:0,&quot;wcf_anim_ease&quot;:&quot;ease&quot;,&quot;wcf_text_animation&quot;:&quot;none&quot;,&quot;wcf-animation&quot;:&quot;none&quot;}\" data-widget_type=\"text-editor.default\">\n\t\t\t\t\t\t\t\t\t\n<p>IMPRINT<\/p>\n<p>Company name: WSB Catering and Service Private Limited Company.<\/p>\n\n<p>Registered office: 2000 Szentendre, Rab R\u00e1by t\u00e9r 6.<\/p>\n\n<p>Postal address: 1037 Budapest, Sz\u00e9pv\u00f6lgyi \u00fat 23.<\/p>\n\n<p>Company registration number: 13-10-041901<\/p>\n\n<p>Tax number: 26640424-2-13<\/p>\n\n<p>Name of the registering authority: Company Registry of the Metropolitan Court of Budapest<\/p>\n\n<p>Representative: Dr. B\u00e9la \u00c1rp\u00e1d Br\u00f3di, Chief Executive Officer<\/p>\n\n<p>Email address: wsbzrt@wasabi.hu<\/p>\n\n<p>Telephone number: +36-30-249-6644<\/p>\n\t\t\t\t\t\t\t\t<\/div>\n\t\t\t\t\t<\/div>\n\t\t\t\t<\/div>\n\t\t\t\t<\/div>","protected":false},"excerpt":{"rendered":"<p>IMPRESSZUM C\u00e9gn\u00e9v: WSB Vend\u00e9gl\u00e1t\u00f3ipari \u00e9s Szolg\u00e1ltat\u00f3 Z\u00e1rtk\u00f6r\u0171en M\u0171k\u00f6d\u0151 R\u00e9szv\u00e9nyt\u00e1rsas\u00e1g. Sz\u00e9khely: 2000 Szentendre, Rab R\u00e1by t\u00e9r 6. Levelez\u00e9si c\u00edm: 1037 Budapest, Sz\u00e9pv\u00f6lgyi \u00fat 23. C\u00e9gjegyz\u00e9ksz\u00e1m: 13-10-041901 Ad\u00f3sz\u00e1m: 26640424-2-13 Nyilv\u00e1ntart\u00e1sban bejegyz\u0151 hat\u00f3s\u00e1g neve: F\u0151v\u00e1rosi T\u00f6rv\u00e9nysz\u00e9k C\u00e9gb\u00edr\u00f3s\u00e1ga K\u00e9pvisel\u0151: Dr. Br\u00f3di B\u00e9la \u00c1rp\u00e1d vez\u00e9rigazgat\u00f3 Elektronikus el\u00e9rhet\u0151s\u00e9g: wsbzrt@wasabi.hu Telefonsz\u00e1m: +36-30-249-6644<\/p>","protected":false},"author":1,"featured_media":0,"parent":0,"menu_order":0,"comment_status":"closed","ping_status":"closed","template":"","meta":{"_acf_changed":false,"footnotes":""},"class_list":["post-2813","page","type-page","status-publish","hentry"],"acf":[],"_links":{"self":[{"href":"https:\/\/whatsrunning.hu\/en\/wp-json\/wp\/v2\/pages\/2813","targetHints":{"allow":["GET"]}}],"collection":[{"href":"https:\/\/whatsrunning.hu\/en\/wp-json\/wp\/v2\/pages"}],"about":[{"href":"https:\/\/whatsrunning.hu\/en\/wp-json\/wp\/v2\/types\/page"}],"author":[{"embeddable":true,"href":"https:\/\/whatsrunning.hu\/en\/wp-json\/wp\/v2\/users\/1"}],"replies":[{"embeddable":true,"href":"https:\/\/whatsrunning.hu\/en\/wp-json\/wp\/v2\/comments?post=2813"}],"version-history":[{"count":7,"href":"https:\/\/whatsrunning.hu\/en\/wp-json\/wp\/v2\/pages\/2813\/revisions"}],"predecessor-version":[{"id":2840,"href":"https:\/\/whatsrunning.hu\/en\/wp-json\/wp\/v2\/pages\/2813\/revisions\/2840"}],"wp:attachment":[{"href":"https:\/\/whatsrunning.hu\/en\/wp-json\/wp\/v2\/media?parent=2813"}],"curies":[{"name":"wp","href":"https:\/\/api.w.org\/{rel}","templated":true}]}}